{"id":482,"date":"2023-07-10T17:46:18","date_gmt":"2023-07-10T20:46:18","guid":{"rendered":"https:\/\/studiomuch.com.br\/lavoro\/?page_id=482"},"modified":"2023-07-10T17:53:52","modified_gmt":"2023-07-10T20:53:52","slug":"gestao-em-seguranca","status":"publish","type":"page","link":"https:\/\/studiomuch.com.br\/lavoro\/gestao-em-seguranca\/","title":{"rendered":"Gest\u00e3o em Seguran\u00e7a"},"content":{"rendered":"\t\t<div data-elementor-type=\"wp-page\" data-elementor-id=\"482\" class=\"elementor elementor-482\">\n\t\t\t\t<div class=\"elementor-element elementor-element-9ce9148 e-flex e-con-boxed e-con e-parent\" data-id=\"9ce9148\" data-element_type=\"container\">\n\t\t\t\t\t<div class=\"e-con-inner\">\n\t\t\t\t<div class=\"elementor-element elementor-element-aff7437 elementor-widget elementor-widget-text-editor\" data-id=\"aff7437\" data-element_type=\"widget\" data-widget_type=\"text-editor.default\">\n\t\t\t\t<div class=\"elementor-widget-container\">\n\t\t\t\t\t\t\t\t\t<p>A <span style=\"color: #6ab436;\"><b>Consultoria de Seguran\u00e7a do Trabalho<\/b><\/span> tem como principal fun\u00e7\u00e3o garantir a integridade f\u00edsica dos funcion\u00e1rios dentro do ambiente de trabalho, diagnosticando e prevenindo sobre os riscos existentes a sua sa\u00fade e seguran\u00e7a na execu\u00e7\u00e3o da atividade laboral.<\/p><p><span style=\"text-align: var(--text-align);\"><span style=\"color: #6ab436;\">Ser\u00e1 realizado acompanhamento do Engenheiro e t\u00e9cnico de seguran\u00e7a, para elabora\u00e7\u00e3o e orienta\u00e7\u00e3o das atividades de seguran\u00e7a e preserva\u00e7\u00e3o.<\/span> Inspeciona equipamentos e condi\u00e7\u00f5es de trabalho, investiga e analisa causas de acidentes para eliminar riscos.<\/span><\/p>\t\t\t\t\t\t\t\t<\/div>\n\t\t\t\t<\/div>\n\t\t\t\t\t<\/div>\n\t\t\t\t<\/div>\n\t\t<div class=\"elementor-element elementor-element-3fd5698 e-flex e-con-boxed e-con e-parent\" data-id=\"3fd5698\" data-element_type=\"container\">\n\t\t\t\t\t<div class=\"e-con-inner\">\n\t\t\t\t<div class=\"elementor-element elementor-element-9b25add elementor-widget elementor-widget-text-editor\" data-id=\"9b25add\" data-element_type=\"widget\" data-widget_type=\"text-editor.default\">\n\t\t\t\t<div class=\"elementor-widget-container\">\n\t\t\t\t\t\t\t\t\tBenef\u00edcios de se investir em <span style=\"color: #6ab434;\"><b>Seguran\u00e7a do Trabalho<\/b><\/span>\t\t\t\t\t\t\t\t<\/div>\n\t\t\t\t<\/div>\n\t\t\t\t\t<\/div>\n\t\t\t\t<\/div>\n\t\t<div class=\"elementor-element elementor-element-270934c e-flex e-con-boxed e-con e-parent\" data-id=\"270934c\" data-element_type=\"container\">\n\t\t\t\t\t<div class=\"e-con-inner\">\n\t\t\t\t<div class=\"elementor-element elementor-element-6b31bd7 elementor-widget elementor-widget-text-editor\" data-id=\"6b31bd7\" data-element_type=\"widget\" data-widget_type=\"text-editor.default\">\n\t\t\t\t<div class=\"elementor-widget-container\">\n\t\t\t\t\t\t\t\t\t<p>Os investimentos em uma <span style=\"color: #6ab434;\"><strong>Consultoria de Seguran\u00e7a do Trabalho<\/strong><\/span> proporcionam um ambiente mais motivador e seguro, resultando em in\u00fameros benef\u00edcios para sua empresa, como:<\/p><ul><li>Previne e reduz acidentes e doen\u00e7as ocupacionais;<\/li><li>Promove o bem-estar f\u00edsico e mental da equipe de trabalho;<br \/>Aumento da produtividade e lucratividade;<\/li><li>Redu\u00e7\u00e3o dos custos decorrentes de paraliza\u00e7\u00f5es e afastamentos;<\/li><li>Elimina\u00e7\u00e3o de multas e processos trabalhistas;<\/li><li>Aumento da credibilidade e competitividade corporativa;<br \/>Valoriza\u00e7\u00e3o da sua marca no mercado.<\/li><\/ul>\t\t\t\t\t\t\t\t<\/div>\n\t\t\t\t<\/div>\n\t\t\t\t\t<\/div>\n\t\t\t\t<\/div>\n\t\t<div class=\"elementor-element elementor-element-2863b04 e-flex e-con-boxed e-con e-parent\" data-id=\"2863b04\" data-element_type=\"container\">\n\t\t\t\t\t<div class=\"e-con-inner\">\n\t\t\t\t<div class=\"elementor-element elementor-element-5b8f061 elementor-widget elementor-widget-spacer\" data-id=\"5b8f061\" data-element_type=\"widget\" data-widget_type=\"spacer.default\">\n\t\t\t\t<div class=\"elementor-widget-container\">\n\t\t\t\t\t\t\t<div class=\"elementor-spacer\">\n\t\t\t<div class=\"elementor-spacer-inner\"><\/div>\n\t\t<\/div>\n\t\t\t\t\t\t<\/div>\n\t\t\t\t<\/div>\n\t\t\t\t\t<\/div>\n\t\t\t\t<\/div>\n\t\t\t\t<\/div>\n\t\t","protected":false},"excerpt":{"rendered":"<p>A Consultoria de Seguran\u00e7a do Trabalho tem como principal fun\u00e7\u00e3o garantir a integridade f\u00edsica dos funcion\u00e1rios dentro do ambiente de trabalho, diagnosticando e prevenindo sobre os riscos existentes a sua sa\u00fade e seguran\u00e7a na execu\u00e7\u00e3o da atividade laboral. Ser\u00e1 realizado acompanhamento do Engenheiro e t\u00e9cnico de seguran\u00e7a, para elabora\u00e7\u00e3o e orienta\u00e7\u00e3o das atividades de seguran\u00e7a [&hellip;]<\/p>\n","protected":false},"author":1,"featured_media":489,"parent":0,"menu_order":0,"comment_status":"closed","ping_status":"closed","template":"","meta":{"footnotes":""},"class_list":["post-482","page","type-page","status-publish","has-post-thumbnail","hentry"],"_links":{"self":[{"href":"https:\/\/studiomuch.com.br\/lavoro\/wp-json\/wp\/v2\/pages\/482","targetHints":{"allow":["GET"]}}],"collection":[{"href":"https:\/\/studiomuch.com.br\/lavoro\/wp-json\/wp\/v2\/pages"}],"about":[{"href":"https:\/\/studiomuch.com.br\/lavoro\/wp-json\/wp\/v2\/types\/page"}],"author":[{"embeddable":true,"href":"https:\/\/studiomuch.com.br\/lavoro\/wp-json\/wp\/v2\/users\/1"}],"replies":[{"embeddable":true,"href":"https:\/\/studiomuch.com.br\/lavoro\/wp-json\/wp\/v2\/comments?post=482"}],"version-history":[{"count":7,"href":"https:\/\/studiomuch.com.br\/lavoro\/wp-json\/wp\/v2\/pages\/482\/revisions"}],"predecessor-version":[{"id":492,"href":"https:\/\/studiomuch.com.br\/lavoro\/wp-json\/wp\/v2\/pages\/482\/revisions\/492"}],"wp:featuredmedia":[{"embeddable":true,"href":"https:\/\/studiomuch.com.br\/lavoro\/wp-json\/wp\/v2\/media\/489"}],"wp:attachment":[{"href":"https:\/\/studiomuch.com.br\/lavoro\/wp-json\/wp\/v2\/media?parent=482"}],"curies":[{"name":"wp","href":"https:\/\/api.w.org\/{rel}","templated":true}]}}