{"id":195,"date":"2023-06-28T17:36:57","date_gmt":"2023-06-28T20:36:57","guid":{"rendered":"https:\/\/studiomuch.com.br\/lavoro\/?page_id=195"},"modified":"2023-07-10T17:54:46","modified_gmt":"2023-07-10T20:54:46","slug":"seguranca-do-trabalho","status":"publish","type":"page","link":"https:\/\/studiomuch.com.br\/lavoro\/seguranca-do-trabalho\/","title":{"rendered":"Seguran\u00e7a do Trabalho"},"content":{"rendered":"\t\t<div data-elementor-type=\"wp-page\" data-elementor-id=\"195\" class=\"elementor elementor-195\">\n\t\t\t\t<div class=\"elementor-element elementor-element-8af0237 e-flex e-con-boxed e-con e-parent\" data-id=\"8af0237\" data-element_type=\"container\">\n\t\t\t\t\t<div class=\"e-con-inner\">\n\t\t\t\t<div class=\"elementor-element elementor-element-35dd81c elementor-widget elementor-widget-text-editor\" data-id=\"35dd81c\" data-element_type=\"widget\" data-widget_type=\"text-editor.default\">\n\t\t\t\t<div class=\"elementor-widget-container\">\n\t\t\t\t\t\t\t\t\t<p>A seguran\u00e7a do trabalho \u00e9 de extrema import\u00e2ncia <strong><span style=\"color: #6ab438;\">para garantir a integridade f\u00edsica e mental dos trabalhadores<\/span><\/strong>. Ela reduz riscos e acidentes, promovendo um ambiente saud\u00e1vel e produtivo.<\/p><p>Investir em medidas de seguran\u00e7a demonstra<span style=\"color: #6ab438;\"> preocupa\u00e7\u00e3o com o bem-estar dos colaboradores<\/span> e contribui para a constru\u00e7\u00e3o de uma cultura empresarial respons\u00e1vel e sustent\u00e1vel.<\/p>\t\t\t\t\t\t\t\t<\/div>\n\t\t\t\t<\/div>\n\t\t\t\t\t<\/div>\n\t\t\t\t<\/div>\n\t\t<div class=\"elementor-element elementor-element-527ed94 e-flex e-con-boxed e-con e-parent\" data-id=\"527ed94\" data-element_type=\"container\">\n\t\t\t\t\t<div class=\"e-con-inner\">\n\t\t\t\t<div class=\"elementor-element elementor-element-9ea85a1 elementor-widget elementor-widget-text-editor\" data-id=\"9ea85a1\" data-element_type=\"widget\" data-widget_type=\"text-editor.default\">\n\t\t\t\t<div class=\"elementor-widget-container\">\n\t\t\t\t\t\t\t\t\t<p>Conhe\u00e7a nossos servi\u00e7os de <span style=\"color: #6ab434;\"><b>Seguran\u00e7a do Trabalho<\/b><\/span><\/p>\t\t\t\t\t\t\t\t<\/div>\n\t\t\t\t<\/div>\n\t\t\t\t\t<\/div>\n\t\t\t\t<\/div>\n\t\t<div class=\"elementor-element elementor-element-ac66310 e-flex e-con-boxed e-con e-parent\" data-id=\"ac66310\" data-element_type=\"container\" data-settings=\"{&quot;background_background&quot;:&quot;classic&quot;}\">\n\t\t\t\t\t<div class=\"e-con-inner\">\n\t\t<div class=\"elementor-element elementor-element-3be43a4 e-flex e-con-boxed e-con e-parent\" data-id=\"3be43a4\" data-element_type=\"container\" data-settings=\"{&quot;background_background&quot;:&quot;gradient&quot;}\">\n\t\t\t\t\t<div class=\"e-con-inner\">\n\t\t\t\t<div class=\"elementor-element elementor-element-438d1fa elementor-widget elementor-widget-text-editor\" data-id=\"438d1fa\" data-element_type=\"widget\" data-widget_type=\"text-editor.default\">\n\t\t\t\t<div class=\"elementor-widget-container\">\n\t\t\t\t\t\t\t\t\t<p><b>AVCB <\/b>(Auto de Vistoria do Corpo de Bombeiros)<\/p>\t\t\t\t\t\t\t\t<\/div>\n\t\t\t\t<\/div>\n\t\t\t\t\t<\/div>\n\t\t\t\t<\/div>\n\t\t<div class=\"elementor-element elementor-element-c6a13a8 e-flex e-con-boxed e-con e-parent\" data-id=\"c6a13a8\" data-element_type=\"container\" data-settings=\"{&quot;background_background&quot;:&quot;gradient&quot;}\">\n\t\t\t\t\t<div class=\"e-con-inner\">\n\t\t\t\t<div class=\"elementor-element elementor-element-518e9a1 elementor-widget elementor-widget-text-editor\" data-id=\"518e9a1\" data-element_type=\"widget\" data-widget_type=\"text-editor.default\">\n\t\t\t\t<div class=\"elementor-widget-container\">\n\t\t\t\t\t\t\t\t\t<p><b>PGR<\/b> (Programa de Gerenciamento de Riscos)<\/p>\t\t\t\t\t\t\t\t<\/div>\n\t\t\t\t<\/div>\n\t\t\t\t\t<\/div>\n\t\t\t\t<\/div>\n\t\t<div class=\"elementor-element elementor-element-33e41aa e-flex e-con-boxed e-con e-parent\" data-id=\"33e41aa\" data-element_type=\"container\" data-settings=\"{&quot;background_background&quot;:&quot;gradient&quot;}\">\n\t\t\t\t\t<div class=\"e-con-inner\">\n\t\t\t\t<div class=\"elementor-element elementor-element-be16210 elementor-widget elementor-widget-text-editor\" data-id=\"be16210\" data-element_type=\"widget\" data-widget_type=\"text-editor.default\">\n\t\t\t\t<div class=\"elementor-widget-container\">\n\t\t\t\t\t\t\t\t\t<p><b>CLCB <\/b>(Certificado de Licenciamento do Corpo de Bombeiros)<\/p>\t\t\t\t\t\t\t\t<\/div>\n\t\t\t\t<\/div>\n\t\t\t\t\t<\/div>\n\t\t\t\t<\/div>\n\t\t<div class=\"elementor-element elementor-element-e5eb93e e-flex e-con-boxed e-con e-parent\" data-id=\"e5eb93e\" data-element_type=\"container\" data-settings=\"{&quot;background_background&quot;:&quot;gradient&quot;}\">\n\t\t\t\t\t<div class=\"e-con-inner\">\n\t\t\t\t<div class=\"elementor-element elementor-element-a38111d elementor-widget elementor-widget-text-editor\" data-id=\"a38111d\" data-element_type=\"widget\" data-widget_type=\"text-editor.default\">\n\t\t\t\t<div class=\"elementor-widget-container\">\n\t\t\t\t\t\t\t\t\t<p><b>AEP <\/b>(An\u00e1lise Preliminar Ergon\u00f4mica)<\/p>\t\t\t\t\t\t\t\t<\/div>\n\t\t\t\t<\/div>\n\t\t\t\t\t<\/div>\n\t\t\t\t<\/div>\n\t\t<div class=\"elementor-element elementor-element-7bca32b e-flex e-con-boxed e-con e-parent\" data-id=\"7bca32b\" data-element_type=\"container\" data-settings=\"{&quot;background_background&quot;:&quot;gradient&quot;}\">\n\t\t\t\t\t<div class=\"e-con-inner\">\n\t\t\t\t<div class=\"elementor-element elementor-element-735ff71 elementor-widget elementor-widget-text-editor\" data-id=\"735ff71\" data-element_type=\"widget\" data-widget_type=\"text-editor.default\">\n\t\t\t\t<div class=\"elementor-widget-container\">\n\t\t\t\t\t\t\t\t\t<p><b>AET <\/b>(An\u00e1lise Ergon\u00f4mica)<\/p>\t\t\t\t\t\t\t\t<\/div>\n\t\t\t\t<\/div>\n\t\t\t\t\t<\/div>\n\t\t\t\t<\/div>\n\t\t<div class=\"elementor-element elementor-element-3db17aa e-flex e-con-boxed e-con e-parent\" data-id=\"3db17aa\" data-element_type=\"container\" data-settings=\"{&quot;background_background&quot;:&quot;gradient&quot;}\">\n\t\t\t\t\t<div class=\"e-con-inner\">\n\t\t\t\t<div class=\"elementor-element elementor-element-a28df90 elementor-widget elementor-widget-text-editor\" data-id=\"a28df90\" data-element_type=\"widget\" data-widget_type=\"text-editor.default\">\n\t\t\t\t<div class=\"elementor-widget-container\">\n\t\t\t\t\t\t\t\t\t<p><b>PAE <\/b>(Plano de atendimento a emerg\u00eancia)<\/p>\t\t\t\t\t\t\t\t<\/div>\n\t\t\t\t<\/div>\n\t\t\t\t\t<\/div>\n\t\t\t\t<\/div>\n\t\t<div class=\"elementor-element elementor-element-36bf371 e-flex e-con-boxed e-con e-parent\" data-id=\"36bf371\" data-element_type=\"container\" data-settings=\"{&quot;background_background&quot;:&quot;gradient&quot;}\">\n\t\t\t\t\t<div class=\"e-con-inner\">\n\t\t\t\t<div class=\"elementor-element elementor-element-0397ba5 elementor-widget elementor-widget-text-editor\" data-id=\"0397ba5\" data-element_type=\"widget\" data-widget_type=\"text-editor.default\">\n\t\t\t\t<div class=\"elementor-widget-container\">\n\t\t\t\t\t\t\t\t\t<p><b>PPR<\/b> (Programa de Prote\u00e7\u00e3o Respirat\u00f3ria)<\/p>\t\t\t\t\t\t\t\t<\/div>\n\t\t\t\t<\/div>\n\t\t\t\t\t<\/div>\n\t\t\t\t<\/div>\n\t\t<div class=\"elementor-element elementor-element-0bca1c0 e-flex e-con-boxed e-con e-parent\" data-id=\"0bca1c0\" data-element_type=\"container\" data-settings=\"{&quot;background_background&quot;:&quot;gradient&quot;}\">\n\t\t\t\t\t<div class=\"e-con-inner\">\n\t\t\t\t<div class=\"elementor-element elementor-element-cbe6d99 elementor-widget elementor-widget-text-editor\" data-id=\"cbe6d99\" data-element_type=\"widget\" data-widget_type=\"text-editor.default\">\n\t\t\t\t<div class=\"elementor-widget-container\">\n\t\t\t\t\t\t\t\t\t<p><b>PCMAT<\/b> (Programa de Condi\u00e7\u00f5es e Meio Ambiente de Trabalho na Ind\u00fastria da Constru\u00e7\u00e3o Civil)<\/p>\t\t\t\t\t\t\t\t<\/div>\n\t\t\t\t<\/div>\n\t\t\t\t\t<\/div>\n\t\t\t\t<\/div>\n\t\t<div class=\"elementor-element elementor-element-58a428d e-flex e-con-boxed e-con e-parent\" data-id=\"58a428d\" data-element_type=\"container\" data-settings=\"{&quot;background_background&quot;:&quot;gradient&quot;}\">\n\t\t\t\t\t<div class=\"e-con-inner\">\n\t\t\t\t<div class=\"elementor-element elementor-element-c7429cc elementor-widget elementor-widget-text-editor\" data-id=\"c7429cc\" data-element_type=\"widget\" data-widget_type=\"text-editor.default\">\n\t\t\t\t<div class=\"elementor-widget-container\">\n\t\t\t\t\t\t\t\t\t<p><b>Per\u00edcia Insalubridade e Periculosidade<\/b><\/p>\t\t\t\t\t\t\t\t<\/div>\n\t\t\t\t<\/div>\n\t\t\t\t\t<\/div>\n\t\t\t\t<\/div>\n\t\t<div class=\"elementor-element elementor-element-76cbb63 e-flex e-con-boxed e-con e-parent\" data-id=\"76cbb63\" data-element_type=\"container\" data-settings=\"{&quot;background_background&quot;:&quot;gradient&quot;}\">\n\t\t\t\t\t<div class=\"e-con-inner\">\n\t\t\t\t<div class=\"elementor-element elementor-element-d5ad5c1 elementor-widget elementor-widget-text-editor\" data-id=\"d5ad5c1\" data-element_type=\"widget\" data-widget_type=\"text-editor.default\">\n\t\t\t\t<div class=\"elementor-widget-container\">\n\t\t\t\t\t\t\t\t\t<p><b>Laudo LTCAT<\/b> (Laudo T\u00e9cnico das Condi\u00e7\u00f5es Ambientais de Trabalho)<\/p>\t\t\t\t\t\t\t\t<\/div>\n\t\t\t\t<\/div>\n\t\t\t\t\t<\/div>\n\t\t\t\t<\/div>\n\t\t<div class=\"elementor-element elementor-element-9bef152 e-flex e-con-boxed e-con e-parent\" data-id=\"9bef152\" data-element_type=\"container\" data-settings=\"{&quot;background_background&quot;:&quot;gradient&quot;}\">\n\t\t\t\t\t<div class=\"e-con-inner\">\n\t\t\t\t<div class=\"elementor-element elementor-element-f146976 elementor-widget elementor-widget-text-editor\" data-id=\"f146976\" data-element_type=\"widget\" data-widget_type=\"text-editor.default\">\n\t\t\t\t<div class=\"elementor-widget-container\">\n\t\t\t\t\t\t\t\t\t<p><b>Laudo SPDA<\/b> (Sistema de prote\u00e7\u00e3o contra descargas atmosf\u00e9ricas)\u00a0<\/p>\t\t\t\t\t\t\t\t<\/div>\n\t\t\t\t<\/div>\n\t\t\t\t\t<\/div>\n\t\t\t\t<\/div>\n\t\t<div class=\"elementor-element elementor-element-3a1e469 e-flex e-con-boxed e-con e-parent\" data-id=\"3a1e469\" data-element_type=\"container\" data-settings=\"{&quot;background_background&quot;:&quot;gradient&quot;}\">\n\t\t\t\t\t<div class=\"e-con-inner\">\n\t\t\t\t<div class=\"elementor-element elementor-element-7f0f5d8 elementor-widget elementor-widget-text-editor\" data-id=\"7f0f5d8\" data-element_type=\"widget\" data-widget_type=\"text-editor.default\">\n\t\t\t\t<div class=\"elementor-widget-container\">\n\t\t\t\t\t\t\t\t\t<p><b>Laudo PPEOB<\/b> (Programa de Preven\u00e7\u00e3o da Exposi\u00e7\u00e3o Ocupacional ao Benzeno)<\/p>\t\t\t\t\t\t\t\t<\/div>\n\t\t\t\t<\/div>\n\t\t\t\t\t<\/div>\n\t\t\t\t<\/div>\n\t\t<div class=\"elementor-element elementor-element-918cb0f e-flex e-con-boxed e-con e-parent\" data-id=\"918cb0f\" data-element_type=\"container\" data-settings=\"{&quot;background_background&quot;:&quot;gradient&quot;}\">\n\t\t\t\t\t<div class=\"e-con-inner\">\n\t\t\t\t<div class=\"elementor-element elementor-element-2168004 elementor-widget elementor-widget-text-editor\" data-id=\"2168004\" data-element_type=\"widget\" data-widget_type=\"text-editor.default\">\n\t\t\t\t<div class=\"elementor-widget-container\">\n\t\t\t\t\t\t\t\t\t<p><b>Laudo NR-12<\/b> (Laudo de conformidade t\u00e9cnica)<\/p>\t\t\t\t\t\t\t\t<\/div>\n\t\t\t\t<\/div>\n\t\t\t\t\t<\/div>\n\t\t\t\t<\/div>\n\t\t<div class=\"elementor-element elementor-element-a11f3b9 e-flex e-con-boxed e-con e-parent\" data-id=\"a11f3b9\" data-element_type=\"container\" data-settings=\"{&quot;background_background&quot;:&quot;gradient&quot;}\">\n\t\t\t\t\t<div class=\"e-con-inner\">\n\t\t\t\t<div class=\"elementor-element elementor-element-e3e7ee1 elementor-widget elementor-widget-text-editor\" data-id=\"e3e7ee1\" data-element_type=\"widget\" data-widget_type=\"text-editor.default\">\n\t\t\t\t<div class=\"elementor-widget-container\">\n\t\t\t\t\t\t\t\t\t<p><b>Laudo T\u00e9cnico das Instala\u00e7\u00f5es el\u00e9tricas\u00a0<\/b><\/p>\t\t\t\t\t\t\t\t<\/div>\n\t\t\t\t<\/div>\n\t\t\t\t\t<\/div>\n\t\t\t\t<\/div>\n\t\t<div class=\"elementor-element elementor-element-c34c1e0 e-flex e-con-boxed e-con e-parent\" data-id=\"c34c1e0\" data-element_type=\"container\" data-settings=\"{&quot;background_background&quot;:&quot;gradient&quot;}\">\n\t\t\t\t\t<div class=\"e-con-inner\">\n\t\t\t\t<div class=\"elementor-element elementor-element-f0f693d elementor-widget elementor-widget-text-editor\" data-id=\"f0f693d\" data-element_type=\"widget\" data-widget_type=\"text-editor.default\">\n\t\t\t\t<div class=\"elementor-widget-container\">\n\t\t\t\t\t\t\t\t\t<p>Laudos Ambientais; Alvara de vigil\u00e2ncia sanit\u00e1ria CETESB; compensa\u00e7\u00e3o ambiental; analise de ru\u00eddo ambiental<\/p>\t\t\t\t\t\t\t\t<\/div>\n\t\t\t\t<\/div>\n\t\t\t\t\t<\/div>\n\t\t\t\t<\/div>\n\t\t\t\t\t<\/div>\n\t\t\t\t<\/div>\n\t\t<div class=\"elementor-element elementor-element-ffefdd7 e-flex e-con-boxed e-con e-parent\" data-id=\"ffefdd7\" data-element_type=\"container\">\n\t\t\t\t\t<div class=\"e-con-inner\">\n\t\t<div class=\"elementor-element elementor-element-1e86192 e-flex e-con-boxed e-con e-parent\" data-id=\"1e86192\" data-element_type=\"container\" data-settings=\"{&quot;background_background&quot;:&quot;classic&quot;}\">\n\t\t\t\t\t<div class=\"e-con-inner\">\n\t\t\t\t<div class=\"elementor-element elementor-element-e7fc4ec elementor-widget elementor-widget-text-editor\" data-id=\"e7fc4ec\" data-element_type=\"widget\" data-widget_type=\"text-editor.default\">\n\t\t\t\t<div class=\"elementor-widget-container\">\n\t\t\t\t\t\t\t\t\t<h2><strong>Treinamentos Presencial e on-line:<\/strong><\/h2><p>NR-05 Comiss\u00e3o Interna de Preven\u00e7\u00e3o de Acidentes e Primeiro Socorros, NR-06 Equipamento de Prote\u00e7\u00e3o Individual &#8211; EPI, NR-10 Seguran\u00e7a em instala\u00e7\u00f5es e servi\u00e7os em eletricidade, NR-11 Transporte, movimenta\u00e7\u00e3o, armazenagem e manuseio de materiais, NR-12 \u2013 Seguran\u00e7a no Trabalho em m\u00e1quinas e equipamentos, NR-18 Seguran\u00e7a e Sa\u00fade no trabalho na ind\u00fastria da constru\u00e7\u00e3o NR-20 Seguran\u00e7a e Sa\u00fade no trabalho com inflam\u00e1veis e combust\u00edveis, NR-33 Seguran\u00e7a e Sa\u00fade nos trabalhos em espa\u00e7os confinados, NR-35 \u2013 Trabalho em altura e entre outros.<\/p>\t\t\t\t\t\t\t\t<\/div>\n\t\t\t\t<\/div>\n\t\t\t\t\t<\/div>\n\t\t\t\t<\/div>\n\t\t\t\t\t<\/div>\n\t\t\t\t<\/div>\n\t\t<div class=\"elementor-element elementor-element-b507692 e-flex e-con-boxed e-con e-parent\" data-id=\"b507692\" data-element_type=\"container\">\n\t\t\t\t\t<div class=\"e-con-inner\">\n\t\t\t\t<div class=\"elementor-element elementor-element-b7149bc elementor-widget elementor-widget-spacer\" data-id=\"b7149bc\" data-element_type=\"widget\" data-widget_type=\"spacer.default\">\n\t\t\t\t<div class=\"elementor-widget-container\">\n\t\t\t\t\t\t\t<div class=\"elementor-spacer\">\n\t\t\t<div class=\"elementor-spacer-inner\"><\/div>\n\t\t<\/div>\n\t\t\t\t\t\t<\/div>\n\t\t\t\t<\/div>\n\t\t\t\t\t<\/div>\n\t\t\t\t<\/div>\n\t\t\t\t<\/div>\n\t\t","protected":false},"excerpt":{"rendered":"<p>A seguran\u00e7a do trabalho \u00e9 de extrema import\u00e2ncia para garantir a integridade f\u00edsica e mental dos trabalhadores. Ela reduz riscos e acidentes, promovendo um ambiente saud\u00e1vel e produtivo. Investir em medidas de seguran\u00e7a demonstra preocupa\u00e7\u00e3o com o bem-estar dos colaboradores e contribui para a constru\u00e7\u00e3o de uma cultura empresarial respons\u00e1vel e sustent\u00e1vel. Conhe\u00e7a nossos servi\u00e7os [&hellip;]<\/p>\n","protected":false},"author":1,"featured_media":290,"parent":0,"menu_order":0,"comment_status":"closed","ping_status":"closed","template":"","meta":{"footnotes":""},"class_list":["post-195","page","type-page","status-publish","has-post-thumbnail","hentry"],"_links":{"self":[{"href":"https:\/\/studiomuch.com.br\/lavoro\/wp-json\/wp\/v2\/pages\/195","targetHints":{"allow":["GET"]}}],"collection":[{"href":"https:\/\/studiomuch.com.br\/lavoro\/wp-json\/wp\/v2\/pages"}],"about":[{"href":"https:\/\/studiomuch.com.br\/lavoro\/wp-json\/wp\/v2\/types\/page"}],"author":[{"embeddable":true,"href":"https:\/\/studiomuch.com.br\/lavoro\/wp-json\/wp\/v2\/users\/1"}],"replies":[{"embeddable":true,"href":"https:\/\/studiomuch.com.br\/lavoro\/wp-json\/wp\/v2\/comments?post=195"}],"version-history":[{"count":25,"href":"https:\/\/studiomuch.com.br\/lavoro\/wp-json\/wp\/v2\/pages\/195\/revisions"}],"predecessor-version":[{"id":495,"href":"https:\/\/studiomuch.com.br\/lavoro\/wp-json\/wp\/v2\/pages\/195\/revisions\/495"}],"wp:featuredmedia":[{"embeddable":true,"href":"https:\/\/studiomuch.com.br\/lavoro\/wp-json\/wp\/v2\/media\/290"}],"wp:attachment":[{"href":"https:\/\/studiomuch.com.br\/lavoro\/wp-json\/wp\/v2\/media?parent=195"}],"curies":[{"name":"wp","href":"https:\/\/api.w.org\/{rel}","templated":true}]}}