{"id":193,"date":"2023-06-28T17:36:38","date_gmt":"2023-06-28T20:36:38","guid":{"rendered":"https:\/\/studiomuch.com.br\/lavoro\/?page_id=193"},"modified":"2023-07-10T17:46:10","modified_gmt":"2023-07-10T20:46:10","slug":"medicina-do-trabalho","status":"publish","type":"page","link":"https:\/\/studiomuch.com.br\/lavoro\/medicina-do-trabalho\/","title":{"rendered":"Medicina do Trabalho"},"content":{"rendered":"\t\t<div data-elementor-type=\"wp-page\" data-elementor-id=\"193\" class=\"elementor elementor-193\">\n\t\t\t\t<div class=\"elementor-element elementor-element-9ce9148 e-flex e-con-boxed e-con e-parent\" data-id=\"9ce9148\" data-element_type=\"container\">\n\t\t\t\t\t<div class=\"e-con-inner\">\n\t\t\t\t<div class=\"elementor-element elementor-element-aff7437 elementor-widget elementor-widget-text-editor\" data-id=\"aff7437\" data-element_type=\"widget\" data-widget_type=\"text-editor.default\">\n\t\t\t\t<div class=\"elementor-widget-container\">\n\t\t\t\t\t\t\t\t\t<p>A medicina do trabalho desempenha um papel crucial na sa\u00fade e bem-estar dos trabalhadores. Ao realizar exames m\u00e9dicos peri\u00f3dicos, avaliar os riscos ocupacionais e oferecer orienta\u00e7\u00f5es preventivas, essa especialidade <span style=\"color: #6ab436;\">contribui para a preven\u00e7\u00e3o de doen\u00e7as relacionadas ao trabalho e a promo\u00e7\u00e3o de um ambiente laboral seguro<\/span>.<\/p><p><span style=\"text-align: var(--text-align);\">A medicina do trabalho \u00e9 essencial para <span style=\"color: #6ab436;\">preservar a sa\u00fade dos trabalhadores<\/span> e <strong><span style=\"color: #6ab436;\">garantir a produtividade e a<\/span><\/strong><\/span> <span style=\"text-align: var(--text-align);\"><strong><span style=\"color: #6ab436;\">qualidade de vida no ambiente profissional<\/span><\/strong>.<\/span><\/p>\t\t\t\t\t\t\t\t<\/div>\n\t\t\t\t<\/div>\n\t\t\t\t\t<\/div>\n\t\t\t\t<\/div>\n\t\t<div class=\"elementor-element elementor-element-3fd5698 e-flex e-con-boxed e-con e-parent\" data-id=\"3fd5698\" data-element_type=\"container\">\n\t\t\t\t\t<div class=\"e-con-inner\">\n\t\t\t\t<div class=\"elementor-element elementor-element-9b25add elementor-widget elementor-widget-text-editor\" data-id=\"9b25add\" data-element_type=\"widget\" data-widget_type=\"text-editor.default\">\n\t\t\t\t<div class=\"elementor-widget-container\">\n\t\t\t\t\t\t\t\t\t<p>Conhe\u00e7a nossos servi\u00e7os de <span style=\"color: #6ab434;\"><b>Medicina do Trabalho<\/b><\/span><\/p>\t\t\t\t\t\t\t\t<\/div>\n\t\t\t\t<\/div>\n\t\t\t\t\t<\/div>\n\t\t\t\t<\/div>\n\t\t<div class=\"elementor-element elementor-element-4755189 e-flex e-con-boxed e-con e-parent\" data-id=\"4755189\" data-element_type=\"container\" data-settings=\"{&quot;background_background&quot;:&quot;classic&quot;}\">\n\t\t\t\t\t<div class=\"e-con-inner\">\n\t\t<div class=\"elementor-element elementor-element-f7d50fd e-flex e-con-boxed e-con e-parent\" data-id=\"f7d50fd\" data-element_type=\"container\" data-settings=\"{&quot;background_background&quot;:&quot;gradient&quot;}\">\n\t\t\t\t\t<div class=\"e-con-inner\">\n\t\t\t\t<div class=\"elementor-element elementor-element-8f60f3d elementor-widget elementor-widget-text-editor\" data-id=\"8f60f3d\" data-element_type=\"widget\" data-widget_type=\"text-editor.default\">\n\t\t\t\t<div class=\"elementor-widget-container\">\n\t\t\t\t\t\t\t\t\t<p><b>PCMSO<\/b> (Programa de Controle M\u00e9dico de Sa\u00fade Ocupacional)<\/p>\t\t\t\t\t\t\t\t<\/div>\n\t\t\t\t<\/div>\n\t\t\t\t\t<\/div>\n\t\t\t\t<\/div>\n\t\t<div class=\"elementor-element elementor-element-611ca3a e-flex e-con-boxed e-con e-parent\" data-id=\"611ca3a\" data-element_type=\"container\" data-settings=\"{&quot;background_background&quot;:&quot;gradient&quot;}\">\n\t\t\t\t\t<div class=\"e-con-inner\">\n\t\t\t\t<div class=\"elementor-element elementor-element-a73adda elementor-widget elementor-widget-text-editor\" data-id=\"a73adda\" data-element_type=\"widget\" data-widget_type=\"text-editor.default\">\n\t\t\t\t<div class=\"elementor-widget-container\">\n\t\t\t\t\t\t\t\t\t<p><b>PCA<\/b> (Programa de Conserva\u00e7\u00e3o Auditiva)<\/p>\t\t\t\t\t\t\t\t<\/div>\n\t\t\t\t<\/div>\n\t\t\t\t\t<\/div>\n\t\t\t\t<\/div>\n\t\t<div class=\"elementor-element elementor-element-00c4487 e-flex e-con-boxed e-con e-parent\" data-id=\"00c4487\" data-element_type=\"container\" data-settings=\"{&quot;background_background&quot;:&quot;gradient&quot;}\">\n\t\t\t\t\t<div class=\"e-con-inner\">\n\t\t\t\t<div class=\"elementor-element elementor-element-392b60d elementor-widget elementor-widget-text-editor\" data-id=\"392b60d\" data-element_type=\"widget\" data-widget_type=\"text-editor.default\">\n\t\t\t\t<div class=\"elementor-widget-container\">\n\t\t\t\t\t\t\t\t\t<p><span style=\"font-weight: bold;\">ASO<\/span>&nbsp;(Atestado de Sa\u00fade Ocupacional)&nbsp;<span style=\"background-color: transparent;\">Admissional; peri\u00f3dico; mudan\u00e7a de fun\u00e7\u00e3o, retorno&nbsp;<\/span><span style=\"background-color: transparent;\">ao trabalho e demissional.&nbsp;&nbsp;<\/span><\/p>\t\t\t\t\t\t\t\t<\/div>\n\t\t\t\t<\/div>\n\t\t\t\t\t<\/div>\n\t\t\t\t<\/div>\n\t\t<div class=\"elementor-element elementor-element-a609072 e-flex e-con-boxed e-con e-parent\" data-id=\"a609072\" data-element_type=\"container\" data-settings=\"{&quot;background_background&quot;:&quot;gradient&quot;}\">\n\t\t\t\t\t<div class=\"e-con-inner\">\n\t\t\t\t<div class=\"elementor-element elementor-element-d9483ce elementor-widget elementor-widget-text-editor\" data-id=\"d9483ce\" data-element_type=\"widget\" data-widget_type=\"text-editor.default\">\n\t\t\t\t<div class=\"elementor-widget-container\">\n\t\t\t\t\t\t\t\t\t<p>Exame cl\u00ednico, Audiometria, Avalia\u00e7\u00e3o Psicossocial,\u00a0<span style=\"background-color: transparent;\">Acuidade Visual, Espirometria, Eletroencefalograma, <\/span><span style=\"background-color: transparent;\">Eletrocardiograma, Laborat\u00f3rio An\u00e1lises cl\u00ednicas, Raio X\u00a0<\/span><span style=\"background-color: transparent;\">e Exame Toxicol\u00f3gico.<\/span><\/p>\t\t\t\t\t\t\t\t<\/div>\n\t\t\t\t<\/div>\n\t\t\t\t\t<\/div>\n\t\t\t\t<\/div>\n\t\t<div class=\"elementor-element elementor-element-ef396d5 e-flex e-con-boxed e-con e-parent\" data-id=\"ef396d5\" data-element_type=\"container\" data-settings=\"{&quot;background_background&quot;:&quot;gradient&quot;}\">\n\t\t\t\t\t<div class=\"e-con-inner\">\n\t\t\t\t<div class=\"elementor-element elementor-element-c6a2916 elementor-widget elementor-widget-text-editor\" data-id=\"c6a2916\" data-element_type=\"widget\" data-widget_type=\"text-editor.default\">\n\t\t\t\t<div class=\"elementor-widget-container\">\n\t\t\t\t\t\t\t\t\t<p><b>PPP<\/b> (Perfil Profissiogr\u00e1fico Previdenci\u00e1rio)<\/p>\t\t\t\t\t\t\t\t<\/div>\n\t\t\t\t<\/div>\n\t\t\t\t\t<\/div>\n\t\t\t\t<\/div>\n\t\t\t\t\t<\/div>\n\t\t\t\t<\/div>\n\t\t<div class=\"elementor-element elementor-element-e1c9f0b e-flex e-con-boxed e-con e-parent\" data-id=\"e1c9f0b\" data-element_type=\"container\">\n\t\t\t\t\t<div class=\"e-con-inner\">\n\t\t\t\t<div class=\"elementor-element elementor-element-c0d908b elementor-widget elementor-widget-spacer\" data-id=\"c0d908b\" data-element_type=\"widget\" data-widget_type=\"spacer.default\">\n\t\t\t\t<div class=\"elementor-widget-container\">\n\t\t\t\t\t\t\t<div class=\"elementor-spacer\">\n\t\t\t<div class=\"elementor-spacer-inner\"><\/div>\n\t\t<\/div>\n\t\t\t\t\t\t<\/div>\n\t\t\t\t<\/div>\n\t\t\t\t\t<\/div>\n\t\t\t\t<\/div>\n\t\t<div class=\"elementor-element elementor-element-f5d3099 e-flex e-con-boxed e-con e-parent\" data-id=\"f5d3099\" data-element_type=\"container\" data-settings=\"{&quot;background_background&quot;:&quot;classic&quot;}\">\n\t\t\t\t\t<div class=\"e-con-inner\">\n\t\t<div class=\"elementor-element elementor-element-ec02b61 e-con-full e-flex e-con e-parent\" data-id=\"ec02b61\" data-element_type=\"container\">\n\t\t\t\t<div class=\"elementor-element elementor-element-7376a2d elementor-widget elementor-widget-heading\" data-id=\"7376a2d\" data-element_type=\"widget\" data-widget_type=\"heading.default\">\n\t\t\t\t<div class=\"elementor-widget-container\">\n\t\t\t\t\t<h1 class=\"elementor-heading-title elementor-size-default\"><b>E-Social<\/b> e a<\/h1>\t\t\t\t<\/div>\n\t\t\t\t<\/div>\n\t\t\t\t<div class=\"elementor-element elementor-element-bd23924 elementor-widget elementor-widget-heading\" data-id=\"bd23924\" data-element_type=\"widget\" data-widget_type=\"heading.default\">\n\t\t\t\t<div class=\"elementor-widget-container\">\n\t\t\t\t\t<h1 class=\"elementor-heading-title elementor-size-default\"><b>Import\u00e2ncia<\/b><\/h1>\t\t\t\t<\/div>\n\t\t\t\t<\/div>\n\t\t\t\t<div class=\"elementor-element elementor-element-f407587 elementor-widget__width-initial elementor-widget elementor-widget-text-editor\" data-id=\"f407587\" data-element_type=\"widget\" data-widget_type=\"text-editor.default\">\n\t\t\t\t<div class=\"elementor-widget-container\">\n\t\t\t\t\t\t\t\t\t<p><span style=\"color: #3fad67;\"><strong>O <\/strong><b>Sistema de Escritura\u00e7\u00e3o Fiscal Digital das Obriga\u00e7\u00f5es Fiscais, Previdenci\u00e1rias e Trabalhistas, conhecido como eSocial<\/b><\/span>, surgiu da a\u00e7\u00e3o conjunta da Receita Federal do Brasil, do Minist\u00e9rio do Trabalho, do Instituto Nacional do Seguro Social e da Caixa Econ\u00f4mica Federal, com o intuito de facilitar o trabalho das empresas e diminuir a burocracia.<\/p><p><b>Por meio do eSocial<\/b>, as empresas enviam eletronicamente informa\u00e7\u00f5es sobre seus empregados, como v\u00ednculos, remunera\u00e7\u00f5es, folha de pagamento e eventos trabalhistas. <b>O objetivo \u00e9 facilitar o controle e a fiscaliza\u00e7\u00e3o, combater irregularidades e oferecer benef\u00edcios aos trabalhadores.<\/b> \u00c9 importante estar em conformidade com as exig\u00eancias do sistema para evitar penalidades.<\/p><p>A boa not\u00edcia \u00e9 que os j\u00e1 estamos em conformidade com o eSocial.<\/p>\t\t\t\t\t\t\t\t<\/div>\n\t\t\t\t<\/div>\n\t\t\t\t<\/div>\n\t\t<div class=\"elementor-element elementor-element-0b0ba48 e-con-full e-flex e-con e-parent\" data-id=\"0b0ba48\" data-element_type=\"container\">\n\t\t\t\t<div class=\"elementor-element elementor-element-7f8c2f0 elementor-widget elementor-widget-image\" data-id=\"7f8c2f0\" data-element_type=\"widget\" data-widget_type=\"image.default\">\n\t\t\t\t<div class=\"elementor-widget-container\">\n\t\t\t\t\t\t\t\t\t\t\t\t\t\t\t<img fetchpriority=\"high\" decoding=\"async\" width=\"892\" height=\"848\" src=\"https:\/\/studiomuch.com.br\/lavoro\/wp-content\/uploads\/2023\/06\/lavoro-foto-e-social.png\" class=\"attachment-full size-full wp-image-112\" alt=\"\" srcset=\"https:\/\/studiomuch.com.br\/lavoro\/wp-content\/uploads\/2023\/06\/lavoro-foto-e-social.png 892w, https:\/\/studiomuch.com.br\/lavoro\/wp-content\/uploads\/2023\/06\/lavoro-foto-e-social-300x285.png 300w, https:\/\/studiomuch.com.br\/lavoro\/wp-content\/uploads\/2023\/06\/lavoro-foto-e-social-768x730.png 768w\" sizes=\"(max-width: 892px) 100vw, 892px\" \/>\t\t\t\t\t\t\t\t\t\t\t\t\t\t\t<\/div>\n\t\t\t\t<\/div>\n\t\t\t\t<\/div>\n\t\t\t\t\t<\/div>\n\t\t\t\t<\/div>\n\t\t<div class=\"elementor-element elementor-element-2863b04 e-flex e-con-boxed e-con e-parent\" data-id=\"2863b04\" data-element_type=\"container\">\n\t\t\t\t\t<div class=\"e-con-inner\">\n\t\t\t\t<div class=\"elementor-element elementor-element-5b8f061 elementor-widget elementor-widget-spacer\" data-id=\"5b8f061\" data-element_type=\"widget\" data-widget_type=\"spacer.default\">\n\t\t\t\t<div class=\"elementor-widget-container\">\n\t\t\t\t\t\t\t<div class=\"elementor-spacer\">\n\t\t\t<div class=\"elementor-spacer-inner\"><\/div>\n\t\t<\/div>\n\t\t\t\t\t\t<\/div>\n\t\t\t\t<\/div>\n\t\t\t\t\t<\/div>\n\t\t\t\t<\/div>\n\t\t\t\t<\/div>\n\t\t","protected":false},"excerpt":{"rendered":"<p>A medicina do trabalho desempenha um papel crucial na sa\u00fade e bem-estar dos trabalhadores. Ao realizar exames m\u00e9dicos peri\u00f3dicos, avaliar os riscos ocupacionais e oferecer orienta\u00e7\u00f5es preventivas, essa especialidade contribui para a preven\u00e7\u00e3o de doen\u00e7as relacionadas ao trabalho e a promo\u00e7\u00e3o de um ambiente laboral seguro. A medicina do trabalho \u00e9 essencial para preservar a [&hellip;]<\/p>\n","protected":false},"author":1,"featured_media":270,"parent":0,"menu_order":0,"comment_status":"closed","ping_status":"closed","template":"","meta":{"footnotes":""},"class_list":["post-193","page","type-page","status-publish","has-post-thumbnail","hentry"],"_links":{"self":[{"href":"https:\/\/studiomuch.com.br\/lavoro\/wp-json\/wp\/v2\/pages\/193","targetHints":{"allow":["GET"]}}],"collection":[{"href":"https:\/\/studiomuch.com.br\/lavoro\/wp-json\/wp\/v2\/pages"}],"about":[{"href":"https:\/\/studiomuch.com.br\/lavoro\/wp-json\/wp\/v2\/types\/page"}],"author":[{"embeddable":true,"href":"https:\/\/studiomuch.com.br\/lavoro\/wp-json\/wp\/v2\/users\/1"}],"replies":[{"embeddable":true,"href":"https:\/\/studiomuch.com.br\/lavoro\/wp-json\/wp\/v2\/comments?post=193"}],"version-history":[{"count":34,"href":"https:\/\/studiomuch.com.br\/lavoro\/wp-json\/wp\/v2\/pages\/193\/revisions"}],"predecessor-version":[{"id":481,"href":"https:\/\/studiomuch.com.br\/lavoro\/wp-json\/wp\/v2\/pages\/193\/revisions\/481"}],"wp:featuredmedia":[{"embeddable":true,"href":"https:\/\/studiomuch.com.br\/lavoro\/wp-json\/wp\/v2\/media\/270"}],"wp:attachment":[{"href":"https:\/\/studiomuch.com.br\/lavoro\/wp-json\/wp\/v2\/media?parent=193"}],"curies":[{"name":"wp","href":"https:\/\/api.w.org\/{rel}","templated":true}]}}