{"id":189,"date":"2023-06-28T17:35:12","date_gmt":"2023-06-28T20:35:12","guid":{"rendered":"https:\/\/studiomuch.com.br\/lavoro\/?page_id=189"},"modified":"2023-07-06T11:54:52","modified_gmt":"2023-07-06T14:54:52","slug":"exames","status":"publish","type":"page","link":"https:\/\/studiomuch.com.br\/lavoro\/exames\/","title":{"rendered":"Exames"},"content":{"rendered":"\t\t<div data-elementor-type=\"wp-page\" data-elementor-id=\"189\" class=\"elementor elementor-189\">\n\t\t\t\t<div class=\"elementor-element elementor-element-3fd5698 e-flex e-con-boxed e-con e-parent\" data-id=\"3fd5698\" data-element_type=\"container\">\n\t\t\t\t\t<div class=\"e-con-inner\">\n\t\t\t\t<div class=\"elementor-element elementor-element-9b25add elementor-widget elementor-widget-text-editor\" data-id=\"9b25add\" data-element_type=\"widget\" data-widget_type=\"text-editor.default\">\n\t\t\t\t<div class=\"elementor-widget-container\">\n\t\t\t\t\t\t\t\t\t<p>Garanta a sa\u00fade e seguran\u00e7a dos seus colaboradores com os exames especializados oferecidos pela Lavoro Medicina do Trabalho. Nossa equipe altamente qualificada e comprometida est\u00e1 pronta para atender \u00e0s suas necessidades, proporcionando um ambiente de trabalho saud\u00e1vel e produtivo.<\/p>\t\t\t\t\t\t\t\t<\/div>\n\t\t\t\t<\/div>\n\t\t\t\t\t<\/div>\n\t\t\t\t<\/div>\n\t\t<div class=\"elementor-element elementor-element-0d7d39a e-flex e-con-boxed e-con e-parent\" data-id=\"0d7d39a\" data-element_type=\"container\">\n\t\t\t\t\t<div class=\"e-con-inner\">\n\t\t<div class=\"elementor-element elementor-element-5d1f5d2 e-flex e-con-boxed e-con e-parent\" data-id=\"5d1f5d2\" data-element_type=\"container\" data-settings=\"{&quot;background_background&quot;:&quot;gradient&quot;}\">\n\t\t\t\t\t<div class=\"e-con-inner\">\n\t\t\t\t<div class=\"elementor-element elementor-element-bd08444 elementor-widget elementor-widget-text-editor\" data-id=\"bd08444\" data-element_type=\"widget\" data-widget_type=\"text-editor.default\">\n\t\t\t\t<div class=\"elementor-widget-container\">\n\t\t\t\t\t\t\t\t\t<p>Exame cl\u00ednico, Audiometria, Avalia\u00e7\u00e3o Psicossocial,\u00a0<span style=\"background-color: transparent;\">Acuidade Visual, Espirometria, Eletroencefalograma, <\/span><span style=\"background-color: transparent;\">Eletrocardiograma, Laborat\u00f3rio An\u00e1lises cl\u00ednicas, Raio X\u00a0<\/span><span style=\"background-color: transparent;\">e Exame Toxicol\u00f3gico.<\/span><\/p>\t\t\t\t\t\t\t\t<\/div>\n\t\t\t\t<\/div>\n\t\t\t\t\t<\/div>\n\t\t\t\t<\/div>\n\t\t\t\t\t<\/div>\n\t\t\t\t<\/div>\n\t\t<div class=\"elementor-element elementor-element-f070ad6 e-flex e-con-boxed e-con e-parent\" data-id=\"f070ad6\" data-element_type=\"container\">\n\t\t\t\t\t<div class=\"e-con-inner\">\n\t\t\t\t<div class=\"elementor-element elementor-element-ad683a0 elementor-widget elementor-widget-spacer\" data-id=\"ad683a0\" data-element_type=\"widget\" data-widget_type=\"spacer.default\">\n\t\t\t\t<div class=\"elementor-widget-container\">\n\t\t\t\t\t\t\t<div class=\"elementor-spacer\">\n\t\t\t<div class=\"elementor-spacer-inner\"><\/div>\n\t\t<\/div>\n\t\t\t\t\t\t<\/div>\n\t\t\t\t<\/div>\n\t\t\t\t\t<\/div>\n\t\t\t\t<\/div>\n\t\t\t\t<\/div>\n\t\t","protected":false},"excerpt":{"rendered":"<p>Garanta a sa\u00fade e seguran\u00e7a dos seus colaboradores com os exames especializados oferecidos pela Lavoro Medicina do Trabalho. Nossa equipe altamente qualificada e comprometida est\u00e1 pronta para atender \u00e0s suas necessidades, proporcionando um ambiente de trabalho saud\u00e1vel e produtivo. Exame cl\u00ednico, Audiometria, Avalia\u00e7\u00e3o Psicossocial,\u00a0Acuidade Visual, Espirometria, Eletroencefalograma, Eletrocardiograma, Laborat\u00f3rio An\u00e1lises cl\u00ednicas, Raio X\u00a0e Exame Toxicol\u00f3gico.<\/p>\n","protected":false},"author":1,"featured_media":344,"parent":0,"menu_order":0,"comment_status":"closed","ping_status":"closed","template":"","meta":{"footnotes":""},"class_list":["post-189","page","type-page","status-publish","has-post-thumbnail","hentry"],"_links":{"self":[{"href":"https:\/\/studiomuch.com.br\/lavoro\/wp-json\/wp\/v2\/pages\/189","targetHints":{"allow":["GET"]}}],"collection":[{"href":"https:\/\/studiomuch.com.br\/lavoro\/wp-json\/wp\/v2\/pages"}],"about":[{"href":"https:\/\/studiomuch.com.br\/lavoro\/wp-json\/wp\/v2\/types\/page"}],"author":[{"embeddable":true,"href":"https:\/\/studiomuch.com.br\/lavoro\/wp-json\/wp\/v2\/users\/1"}],"replies":[{"embeddable":true,"href":"https:\/\/studiomuch.com.br\/lavoro\/wp-json\/wp\/v2\/comments?post=189"}],"version-history":[{"count":25,"href":"https:\/\/studiomuch.com.br\/lavoro\/wp-json\/wp\/v2\/pages\/189\/revisions"}],"predecessor-version":[{"id":412,"href":"https:\/\/studiomuch.com.br\/lavoro\/wp-json\/wp\/v2\/pages\/189\/revisions\/412"}],"wp:featuredmedia":[{"embeddable":true,"href":"https:\/\/studiomuch.com.br\/lavoro\/wp-json\/wp\/v2\/media\/344"}],"wp:attachment":[{"href":"https:\/\/studiomuch.com.br\/lavoro\/wp-json\/wp\/v2\/media?parent=189"}],"curies":[{"name":"wp","href":"https:\/\/api.w.org\/{rel}","templated":true}]}}