{"id":161,"date":"2023-06-28T15:44:23","date_gmt":"2023-06-28T18:44:23","guid":{"rendered":"https:\/\/studiomuch.com.br\/lavoro\/?page_id=161"},"modified":"2023-07-10T18:00:08","modified_gmt":"2023-07-10T21:00:08","slug":"sobre-nos","status":"publish","type":"page","link":"https:\/\/studiomuch.com.br\/lavoro\/sobre-nos\/","title":{"rendered":"Sobre n\u00f3s"},"content":{"rendered":"\t\t<div data-elementor-type=\"wp-page\" data-elementor-id=\"161\" class=\"elementor elementor-161\">\n\t\t\t\t<div class=\"elementor-element elementor-element-3fd5698 e-flex e-con-boxed e-con e-parent\" data-id=\"3fd5698\" data-element_type=\"container\">\n\t\t\t\t\t<div class=\"e-con-inner\">\n\t\t\t\t<div class=\"elementor-element elementor-element-ee22460 elementor-widget elementor-widget-heading\" data-id=\"ee22460\" data-element_type=\"widget\" data-widget_type=\"heading.default\">\n\t\t\t\t<div class=\"elementor-widget-container\">\n\t\t\t\t\t<h6 class=\"elementor-heading-title elementor-size-default\">N\u00f3s somos o parceiro ideal para a sua empresa!<\/h6>\t\t\t\t<\/div>\n\t\t\t\t<\/div>\n\t\t\t\t<div class=\"elementor-element elementor-element-9b25add elementor-widget elementor-widget-text-editor\" data-id=\"9b25add\" data-element_type=\"widget\" data-widget_type=\"text-editor.default\">\n\t\t\t\t<div class=\"elementor-widget-container\">\n\t\t\t\t\t\t\t\t\t<p>A<span style=\"color: #14a7a8;\"><b> Lavoro Seguran\u00e7a e Medicina do trabalho<\/b><\/span>, atua desde 2005, com o objetivo principal de manter o ambiente de trabalho mais seguro, promovendo a\u00e7\u00f5es para proteger a integridade da empresa e f\u00edsica do trabalhador.\u00a0<\/p><p>Localizada na regi\u00e3o do ABC &#8211; Mau\u00e1, <span style=\"color: #70b843;\">somos uma empresa especializada em medicina e seguran\u00e7a do trabalho<\/span>, assim como exames m\u00e9dicos admissionais, peri\u00f3dicos, retorno ao trabalho e demissionais. Al\u00e9m disso, estamos prontamente preparados para o eSocial.\u00a0<\/p><p>Nossa equipe \u00e9 formada por profissionais altamente capacitados e preparados para as demandas do mercado. <span style=\"color: #70b843;\"><b>Nosso maior objetivo \u00e9 atender bem os nossos clientes de modo que se sintam satisfeitos.<\/b><\/span><\/p>\t\t\t\t\t\t\t\t<\/div>\n\t\t\t\t<\/div>\n\t\t<div class=\"elementor-element elementor-element-df236be e-con-full e-flex e-con e-parent\" data-id=\"df236be\" data-element_type=\"container\" data-settings=\"{&quot;background_background&quot;:&quot;classic&quot;}\">\n\t\t<div class=\"elementor-element elementor-element-ffbccd6 e-flex e-con-boxed e-con e-parent\" data-id=\"ffbccd6\" data-element_type=\"container\" data-settings=\"{&quot;background_background&quot;:&quot;gradient&quot;}\">\n\t\t\t\t\t<div class=\"e-con-inner\">\n\t\t\t\t<div class=\"elementor-element elementor-element-25ba062 elementor-widget elementor-widget-text-editor\" data-id=\"25ba062\" data-element_type=\"widget\" data-widget_type=\"text-editor.default\">\n\t\t\t\t<div class=\"elementor-widget-container\">\n\t\t\t\t\t\t\t\t\t<h3><b>Miss\u00e3o<\/b><\/h3><p>Promover Sa\u00fade e Seguran\u00e7a de forma integra a nossas empresas e colaboradores, com inova\u00e7\u00e3o em tecnologia e processos,<\/p>\t\t\t\t\t\t\t\t<\/div>\n\t\t\t\t<\/div>\n\t\t\t\t\t<\/div>\n\t\t\t\t<\/div>\n\t\t<div class=\"elementor-element elementor-element-fad89c8 e-flex e-con-boxed e-con e-parent\" data-id=\"fad89c8\" data-element_type=\"container\" data-settings=\"{&quot;background_background&quot;:&quot;gradient&quot;}\">\n\t\t\t\t\t<div class=\"e-con-inner\">\n\t\t\t\t<div class=\"elementor-element elementor-element-a9be9c5 elementor-widget elementor-widget-text-editor\" data-id=\"a9be9c5\" data-element_type=\"widget\" data-widget_type=\"text-editor.default\">\n\t\t\t\t<div class=\"elementor-widget-container\">\n\t\t\t\t\t\t\t\t\t<h3><b>Vis\u00e3o<\/b><\/h3><p>Ser a melhor refer\u00eancia em gest\u00e3o de medicina e seguran\u00e7a do trabalho.<\/p>\t\t\t\t\t\t\t\t<\/div>\n\t\t\t\t<\/div>\n\t\t\t\t\t<\/div>\n\t\t\t\t<\/div>\n\t\t<div class=\"elementor-element elementor-element-6f08556 e-flex e-con-boxed e-con e-parent\" data-id=\"6f08556\" data-element_type=\"container\" data-settings=\"{&quot;background_background&quot;:&quot;gradient&quot;}\">\n\t\t\t\t\t<div class=\"e-con-inner\">\n\t\t\t\t<div class=\"elementor-element elementor-element-c46e548 elementor-widget elementor-widget-text-editor\" data-id=\"c46e548\" data-element_type=\"widget\" data-widget_type=\"text-editor.default\">\n\t\t\t\t<div class=\"elementor-widget-container\">\n\t\t\t\t\t\t\t\t\t<h3><b>Valores<\/b><\/h3><p>Agilidade nos processos;<\/p><p>Qualidade e rapidez na entrega de resultados;<\/p><p>\u00c9tica e Transpar\u00eancia;<\/p><p>Zelo e Respeito;<\/p>\t\t\t\t\t\t\t\t<\/div>\n\t\t\t\t<\/div>\n\t\t\t\t\t<\/div>\n\t\t\t\t<\/div>\n\t\t\t\t<\/div>\n\t\t<div class=\"elementor-element elementor-element-28406d0 e-con-full e-flex e-con e-parent\" data-id=\"28406d0\" data-element_type=\"container\" data-settings=\"{&quot;background_background&quot;:&quot;classic&quot;}\">\n\t\t<div class=\"elementor-element elementor-element-1aba140 e-flex e-con-boxed e-con e-parent\" data-id=\"1aba140\" data-element_type=\"container\" data-settings=\"{&quot;background_background&quot;:&quot;gradient&quot;}\">\n\t\t\t\t\t<div class=\"e-con-inner\">\n\t\t\t\t<div class=\"elementor-element elementor-element-58acd18 elementor-widget-divider--view-line elementor-widget elementor-widget-divider\" data-id=\"58acd18\" data-element_type=\"widget\" data-widget_type=\"divider.default\">\n\t\t\t\t<div class=\"elementor-widget-container\">\n\t\t\t\t\t\t\t<div class=\"elementor-divider\">\n\t\t\t<span class=\"elementor-divider-separator\">\n\t\t\t\t\t\t<\/span>\n\t\t<\/div>\n\t\t\t\t\t\t<\/div>\n\t\t\t\t<\/div>\n\t\t\t\t<div class=\"elementor-element elementor-element-19bede3 elementor-widget elementor-widget-heading\" data-id=\"19bede3\" data-element_type=\"widget\" data-widget_type=\"heading.default\">\n\t\t\t\t<div class=\"elementor-widget-container\">\n\t\t\t\t\t<h6 class=\"elementor-heading-title elementor-size-default\">Nossos diferenciais:<\/h6>\t\t\t\t<\/div>\n\t\t\t\t<\/div>\n\t\t<div class=\"elementor-element elementor-element-fb6b917 e-con-full e-flex e-con e-parent\" data-id=\"fb6b917\" data-element_type=\"container\">\n\t\t<div class=\"elementor-element elementor-element-6b5c86f e-flex e-con-boxed e-con e-parent\" data-id=\"6b5c86f\" data-element_type=\"container\" data-settings=\"{&quot;background_background&quot;:&quot;classic&quot;}\">\n\t\t\t\t\t<div class=\"e-con-inner\">\n\t\t\t\t<div class=\"elementor-element elementor-element-a57fac5 elementor-view-default elementor-widget elementor-widget-icon\" data-id=\"a57fac5\" data-element_type=\"widget\" data-widget_type=\"icon.default\">\n\t\t\t\t<div class=\"elementor-widget-container\">\n\t\t\t\t\t\t\t<div class=\"elementor-icon-wrapper\">\n\t\t\t<div class=\"elementor-icon\">\n\t\t\t<i aria-hidden=\"true\" class=\"far fa-clock\"><\/i>\t\t\t<\/div>\n\t\t<\/div>\n\t\t\t\t\t\t<\/div>\n\t\t\t\t<\/div>\n\t\t\t\t<div class=\"elementor-element elementor-element-08a9248 elementor-widget elementor-widget-heading\" data-id=\"08a9248\" data-element_type=\"widget\" data-widget_type=\"heading.default\">\n\t\t\t\t<div class=\"elementor-widget-container\">\n\t\t\t\t\t<h1 class=\"elementor-heading-title elementor-size-default\">Prazo de entrega<br>de exames<\/h1>\t\t\t\t<\/div>\n\t\t\t\t<\/div>\n\t\t\t\t\t<\/div>\n\t\t\t\t<\/div>\n\t\t<div class=\"elementor-element elementor-element-77df3ef e-flex e-con-boxed e-con e-parent\" data-id=\"77df3ef\" data-element_type=\"container\" data-settings=\"{&quot;background_background&quot;:&quot;classic&quot;}\">\n\t\t\t\t\t<div class=\"e-con-inner\">\n\t\t\t\t<div class=\"elementor-element elementor-element-f503fff elementor-view-default elementor-widget elementor-widget-icon\" data-id=\"f503fff\" data-element_type=\"widget\" data-widget_type=\"icon.default\">\n\t\t\t\t<div class=\"elementor-widget-container\">\n\t\t\t\t\t\t\t<div class=\"elementor-icon-wrapper\">\n\t\t\t<div class=\"elementor-icon\">\n\t\t\t<i aria-hidden=\"true\" class=\"far fa-calendar\"><\/i>\t\t\t<\/div>\n\t\t<\/div>\n\t\t\t\t\t\t<\/div>\n\t\t\t\t<\/div>\n\t\t\t\t<div class=\"elementor-element elementor-element-025aa90 elementor-widget elementor-widget-heading\" data-id=\"025aa90\" data-element_type=\"widget\" data-widget_type=\"heading.default\">\n\t\t\t\t<div class=\"elementor-widget-container\">\n\t\t\t\t\t<h1 class=\"elementor-heading-title elementor-size-default\">Agendamento<br>in company<\/h1>\t\t\t\t<\/div>\n\t\t\t\t<\/div>\n\t\t\t\t\t<\/div>\n\t\t\t\t<\/div>\n\t\t<div class=\"elementor-element elementor-element-f4ae8b3 e-flex e-con-boxed e-con e-parent\" data-id=\"f4ae8b3\" data-element_type=\"container\" data-settings=\"{&quot;background_background&quot;:&quot;classic&quot;}\">\n\t\t\t\t\t<div class=\"e-con-inner\">\n\t\t\t\t<div class=\"elementor-element elementor-element-55fd72b elementor-view-default elementor-widget elementor-widget-icon\" data-id=\"55fd72b\" data-element_type=\"widget\" data-widget_type=\"icon.default\">\n\t\t\t\t<div class=\"elementor-widget-container\">\n\t\t\t\t\t\t\t<div class=\"elementor-icon-wrapper\">\n\t\t\t<div class=\"elementor-icon\">\n\t\t\t<i aria-hidden=\"true\" class=\"far fa-calendar-times\"><\/i>\t\t\t<\/div>\n\t\t<\/div>\n\t\t\t\t\t\t<\/div>\n\t\t\t\t<\/div>\n\t\t\t\t<div class=\"elementor-element elementor-element-9e972a7 elementor-widget elementor-widget-heading\" data-id=\"9e972a7\" data-element_type=\"widget\" data-widget_type=\"heading.default\">\n\t\t\t\t<div class=\"elementor-widget-container\">\n\t\t\t\t\t<h1 class=\"elementor-heading-title elementor-size-default\">Atendimento sem<br>hora marcada<\/h1>\t\t\t\t<\/div>\n\t\t\t\t<\/div>\n\t\t\t\t\t<\/div>\n\t\t\t\t<\/div>\n\t\t\t\t<\/div>\n\t\t\t\t\t<\/div>\n\t\t\t\t<\/div>\n\t\t\t\t<\/div>\n\t\t<div class=\"elementor-element elementor-element-c8ed12c e-con-full e-flex e-con e-parent\" data-id=\"c8ed12c\" data-element_type=\"container\" data-settings=\"{&quot;background_background&quot;:&quot;classic&quot;}\">\n\t\t<div class=\"elementor-element elementor-element-f54726d e-flex e-con-boxed e-con e-parent\" data-id=\"f54726d\" data-element_type=\"container\" data-settings=\"{&quot;background_background&quot;:&quot;gradient&quot;}\">\n\t\t\t\t\t<div class=\"e-con-inner\">\n\t\t\t\t<div class=\"elementor-element elementor-element-1cdad44 elementor-widget-divider--view-line elementor-widget elementor-widget-divider\" data-id=\"1cdad44\" data-element_type=\"widget\" data-widget_type=\"divider.default\">\n\t\t\t\t<div class=\"elementor-widget-container\">\n\t\t\t\t\t\t\t<div class=\"elementor-divider\">\n\t\t\t<span class=\"elementor-divider-separator\">\n\t\t\t\t\t\t<\/span>\n\t\t<\/div>\n\t\t\t\t\t\t<\/div>\n\t\t\t\t<\/div>\n\t\t\t\t<div class=\"elementor-element elementor-element-c96f524 elementor-widget elementor-widget-heading\" data-id=\"c96f524\" data-element_type=\"widget\" data-widget_type=\"heading.default\">\n\t\t\t\t<div class=\"elementor-widget-container\">\n\t\t\t\t\t<h6 class=\"elementor-heading-title elementor-size-default\">Certificados<\/h6>\t\t\t\t<\/div>\n\t\t\t\t<\/div>\n\t\t<div class=\"elementor-element elementor-element-a07056e e-con-full e-flex e-con e-parent\" data-id=\"a07056e\" data-element_type=\"container\">\n\t\t<div class=\"elementor-element elementor-element-b5b557b e-flex e-con-boxed e-con e-parent\" data-id=\"b5b557b\" data-element_type=\"container\" data-settings=\"{&quot;background_background&quot;:&quot;classic&quot;}\">\n\t\t\t\t\t<div class=\"e-con-inner\">\n\t\t\t\t<div class=\"elementor-element elementor-element-9902c1e elementor-widget elementor-widget-heading\" data-id=\"9902c1e\" data-element_type=\"widget\" data-widget_type=\"heading.default\">\n\t\t\t\t<div class=\"elementor-widget-container\">\n\t\t\t\t\t<h1 class=\"elementor-heading-title elementor-size-default\">CREA<\/h1>\t\t\t\t<\/div>\n\t\t\t\t<\/div>\n\t\t\t\t\t<\/div>\n\t\t\t\t<\/div>\n\t\t<div class=\"elementor-element elementor-element-0692b08 e-flex e-con-boxed e-con e-parent\" data-id=\"0692b08\" data-element_type=\"container\" data-settings=\"{&quot;background_background&quot;:&quot;classic&quot;}\">\n\t\t\t\t\t<div class=\"e-con-inner\">\n\t\t\t\t<div class=\"elementor-element elementor-element-2c693f5 elementor-widget elementor-widget-heading\" data-id=\"2c693f5\" data-element_type=\"widget\" data-widget_type=\"heading.default\">\n\t\t\t\t<div class=\"elementor-widget-container\">\n\t\t\t\t\t<h1 class=\"elementor-heading-title elementor-size-default\">CREMESP<\/h1>\t\t\t\t<\/div>\n\t\t\t\t<\/div>\n\t\t\t\t\t<\/div>\n\t\t\t\t<\/div>\n\t\t<div class=\"elementor-element elementor-element-7328b14 e-flex e-con-boxed e-con e-parent\" data-id=\"7328b14\" data-element_type=\"container\" data-settings=\"{&quot;background_background&quot;:&quot;classic&quot;}\">\n\t\t\t\t\t<div class=\"e-con-inner\">\n\t\t\t\t<div class=\"elementor-element elementor-element-b3f6837 elementor-widget elementor-widget-heading\" data-id=\"b3f6837\" data-element_type=\"widget\" data-widget_type=\"heading.default\">\n\t\t\t\t<div class=\"elementor-widget-container\">\n\t\t\t\t\t<h1 class=\"elementor-heading-title elementor-size-default\">Laborat\u00f3rio<\/h1>\t\t\t\t<\/div>\n\t\t\t\t<\/div>\n\t\t\t\t\t<\/div>\n\t\t\t\t<\/div>\n\t\t<div class=\"elementor-element elementor-element-a7dcb66 e-flex e-con-boxed e-con e-parent\" data-id=\"a7dcb66\" data-element_type=\"container\" data-settings=\"{&quot;background_background&quot;:&quot;classic&quot;}\">\n\t\t\t\t\t<div class=\"e-con-inner\">\n\t\t\t\t<div class=\"elementor-element elementor-element-ae5cce4 elementor-widget elementor-widget-heading\" data-id=\"ae5cce4\" data-element_type=\"widget\" data-widget_type=\"heading.default\">\n\t\t\t\t<div class=\"elementor-widget-container\">\n\t\t\t\t\t<h1 class=\"elementor-heading-title elementor-size-default\">AVCB<\/h1>\t\t\t\t<\/div>\n\t\t\t\t<\/div>\n\t\t\t\t\t<\/div>\n\t\t\t\t<\/div>\n\t\t<div class=\"elementor-element elementor-element-59e2cbe e-flex e-con-boxed e-con e-parent\" data-id=\"59e2cbe\" data-element_type=\"container\" data-settings=\"{&quot;background_background&quot;:&quot;classic&quot;}\">\n\t\t\t\t\t<div class=\"e-con-inner\">\n\t\t\t\t<div class=\"elementor-element elementor-element-59f51a9 elementor-widget elementor-widget-heading\" data-id=\"59f51a9\" data-element_type=\"widget\" data-widget_type=\"heading.default\">\n\t\t\t\t<div class=\"elementor-widget-container\">\n\t\t\t\t\t<h1 class=\"elementor-heading-title elementor-size-default\">Alvar\u00e1 de funcionamento da vigil\u00e2ncia sanit\u00e1ria<\/h1>\t\t\t\t<\/div>\n\t\t\t\t<\/div>\n\t\t\t\t\t<\/div>\n\t\t\t\t<\/div>\n\t\t\t\t<\/div>\n\t\t\t\t\t<\/div>\n\t\t\t\t<\/div>\n\t\t\t\t<\/div>\n\t\t\t\t\t<\/div>\n\t\t\t\t<\/div>\n\t\t<div class=\"elementor-element elementor-element-54b47ec e-flex e-con-boxed e-con e-parent\" data-id=\"54b47ec\" data-element_type=\"container\" data-settings=\"{&quot;background_background&quot;:&quot;gradient&quot;}\">\n\t\t\t\t\t<div class=\"e-con-inner\">\n\t\t<div class=\"elementor-element elementor-element-322ae88 e-flex e-con-boxed e-con e-parent\" data-id=\"322ae88\" data-element_type=\"container\">\n\t\t\t\t\t<div class=\"e-con-inner\">\n\t\t<div class=\"elementor-element elementor-element-c78edd4 e-flex e-con-boxed e-con e-parent\" data-id=\"c78edd4\" data-element_type=\"container\" data-settings=\"{&quot;background_background&quot;:&quot;classic&quot;}\">\n\t\t\t\t\t<div class=\"e-con-inner\">\n\t\t\t\t<div class=\"elementor-element elementor-element-d8124c5 elementor-widget elementor-widget-heading\" data-id=\"d8124c5\" data-element_type=\"widget\" data-widget_type=\"heading.default\">\n\t\t\t\t<div class=\"elementor-widget-container\">\n\t\t\t\t\t<h2 class=\"elementor-heading-title elementor-size-default\">19 anos no\nmercado<\/h2>\t\t\t\t<\/div>\n\t\t\t\t<\/div>\n\t\t\t\t\t<\/div>\n\t\t\t\t<\/div>\n\t\t<div class=\"elementor-element elementor-element-1793141 e-flex e-con-boxed e-con e-parent\" data-id=\"1793141\" data-element_type=\"container\" data-settings=\"{&quot;background_background&quot;:&quot;classic&quot;}\">\n\t\t\t\t\t<div class=\"e-con-inner\">\n\t\t\t\t<div class=\"elementor-element elementor-element-4c5df70 elementor-widget elementor-widget-heading\" data-id=\"4c5df70\" data-element_type=\"widget\" data-widget_type=\"heading.default\">\n\t\t\t\t<div class=\"elementor-widget-container\">\n\t\t\t\t\t<h2 class=\"elementor-heading-title elementor-size-default\">Mais de 400 mil<br>vidas atendidas <\/h2>\t\t\t\t<\/div>\n\t\t\t\t<\/div>\n\t\t\t\t\t<\/div>\n\t\t\t\t<\/div>\n\t\t\t\t\t<\/div>\n\t\t\t\t<\/div>\n\t\t\t\t<div class=\"elementor-element elementor-element-1cdbca8 elementor-widget elementor-widget-heading\" data-id=\"1cdbca8\" data-element_type=\"widget\" data-widget_type=\"heading.default\">\n\t\t\t\t<div class=\"elementor-widget-container\">\n\t\t\t\t\t<h2 class=\"elementor-heading-title elementor-size-large\">Por que escolher a Lavoro? <\/h2>\t\t\t\t<\/div>\n\t\t\t\t<\/div>\n\t\t\t\t\t<\/div>\n\t\t\t\t<\/div>\n\t\t\t\t<\/div>\n\t\t","protected":false},"excerpt":{"rendered":"<p>N\u00f3s somos o parceiro ideal para a sua empresa! A Lavoro Seguran\u00e7a e Medicina do trabalho, atua desde 2005, com o objetivo principal de manter o ambiente de trabalho mais seguro, promovendo a\u00e7\u00f5es para proteger a integridade da empresa e f\u00edsica do trabalhador.\u00a0 Localizada na regi\u00e3o do ABC &#8211; Mau\u00e1, somos uma empresa especializada em [&hellip;]<\/p>\n","protected":false},"author":1,"featured_media":235,"parent":0,"menu_order":0,"comment_status":"closed","ping_status":"closed","template":"","meta":{"footnotes":""},"class_list":["post-161","page","type-page","status-publish","has-post-thumbnail","hentry"],"_links":{"self":[{"href":"https:\/\/studiomuch.com.br\/lavoro\/wp-json\/wp\/v2\/pages\/161","targetHints":{"allow":["GET"]}}],"collection":[{"href":"https:\/\/studiomuch.com.br\/lavoro\/wp-json\/wp\/v2\/pages"}],"about":[{"href":"https:\/\/studiomuch.com.br\/lavoro\/wp-json\/wp\/v2\/types\/page"}],"author":[{"embeddable":true,"href":"https:\/\/studiomuch.com.br\/lavoro\/wp-json\/wp\/v2\/users\/1"}],"replies":[{"embeddable":true,"href":"https:\/\/studiomuch.com.br\/lavoro\/wp-json\/wp\/v2\/comments?post=161"}],"version-history":[{"count":77,"href":"https:\/\/studiomuch.com.br\/lavoro\/wp-json\/wp\/v2\/pages\/161\/revisions"}],"predecessor-version":[{"id":501,"href":"https:\/\/studiomuch.com.br\/lavoro\/wp-json\/wp\/v2\/pages\/161\/revisions\/501"}],"wp:featuredmedia":[{"embeddable":true,"href":"https:\/\/studiomuch.com.br\/lavoro\/wp-json\/wp\/v2\/media\/235"}],"wp:attachment":[{"href":"https:\/\/studiomuch.com.br\/lavoro\/wp-json\/wp\/v2\/media?parent=161"}],"curies":[{"name":"wp","href":"https:\/\/api.w.org\/{rel}","templated":true}]}}